{"id":10,"date":"2019-03-08T08:50:00","date_gmt":"2019-03-08T08:50:00","guid":{"rendered":"https:\/\/usova3d.um.si\/wordpress\/?page_id=10"},"modified":"2019-10-16T12:11:23","modified_gmt":"2019-10-16T11:11:23","slug":"usova3d","status":"publish","type":"page","link":"https:\/\/usova3d.um.si\/wordpress\/index.php\/sl\/","title":{"rendered":"O NAS"},"content":{"rendered":"\n<p>Spletni sistem in javna podatkovna baza USOVA3D za nepristrano validiranje postopkov detektiranja jaj\u010dnih me\u0161i\u010dkov na 3D ultrazvo\u010dnih posnetkih jaj\u010dnikov.<\/p>\n\n\n\n<p>Baza je na voljo na <a href=\"https:\/\/usova3d.um.si\/wordpress\/index.php\/podatkovna-baza-usova3d\/\">slede\u010di strani<\/a>. Za dostop do podatkov morate biti prijavljeni.<\/p>\n\n\n\n<figure class=\"wp-block-image\"><a href=\"\/wordpress\/index.php\/podatkovna-baza-usova3d\/\"><img loading=\"lazy\" decoding=\"async\" width=\"902\" height=\"742\" src=\"https:\/\/usova3d.um.si\/wordpress\/wp-content\/uploads\/2019\/03\/screen.jpg\" alt=\"ITK-SNAP z volumnom in rekonstrukcijo\" class=\"wp-image-124\" srcset=\"https:\/\/usova3d.um.si\/wordpress\/wp-content\/uploads\/2019\/03\/screen.jpg 902w, https:\/\/usova3d.um.si\/wordpress\/wp-content\/uploads\/2019\/03\/screen-300x247.jpg 300w, https:\/\/usova3d.um.si\/wordpress\/wp-content\/uploads\/2019\/03\/screen-768x632.jpg 768w\" sizes=\"auto, (max-width: 902px) 100vw, 902px\" \/><\/a><figcaption>Zaslonska slika programa ITK-SNAP<sup><a href=\"#ref_1\">[1]<\/a><\/sup> z nalo\u017eenim volumnom in rekonstrukcijo jaj\u010dnih me\u0161i\u010dkov<\/figcaption><\/figure>\n\n\n\n<p>Baza domuje na stre\u017enikih Laboratorija za sistemsko programsko opremo na UM FERI, Koro\u0161ka cesta 46, 2000 Maribor, Slovenija.<br>Skrbnik baze je Jurij Munda, kontakt via <a href=\"mailto:usova3d@um.si\">usova3d@um.si<\/a><br><\/p>\n\n\n\n<p><a name=\"ref_1\" class=\"mce-item-anchor\">[1]<\/a> Paul A. Yushkevich, Joseph Piven, Heather Cody Hazlett, Rachel Gimpel  Smith, Sean Ho, James C. Gee, and Guido Gerig. User-guided 3D active  contour segmentation of anatomical structures: Significantly improved  efficiency and reliability. <em>Neuroimage<\/em> 2006 Jul 1;31(3):1116-28. <a href=\"https:\/\/doi.org\/10.1016\/j.neuroimage.2006.01.015\">DOI 10.1016\/j.neuroimage.2006.01.015<\/a><\/p>\n\n\n\n<p><\/p>\n","protected":false},"excerpt":{"rendered":"<p>Spletni sistem in javna podatkovna baza USOVA3D za nepristrano validiranje postopkov detektiranja jaj\u010dnih me\u0161i\u010dkov na 3D ultrazvo\u010dnih posnetkih jaj\u010dnikov. Baza je na voljo na slede\u010di strani. Za dostop do podatkov morate biti prijavljeni. Baza domuje na stre\u017enikih Laboratorija za sistemsko programsko opremo na UM FERI, Koro\u0161ka cesta 46, 2000 Maribor, Slovenija.Skrbnik baze je Jurij Munda, [&hellip;]<\/p>\n","protected":false},"author":1,"featured_media":0,"parent":0,"menu_order":0,"comment_status":"closed","ping_status":"closed","template":"","meta":{"footnotes":""},"class_list":["post-10","page","type-page","status-publish","hentry"],"_links":{"self":[{"href":"https:\/\/usova3d.um.si\/wordpress\/index.php\/wp-json\/wp\/v2\/pages\/10","targetHints":{"allow":["GET"]}}],"collection":[{"href":"https:\/\/usova3d.um.si\/wordpress\/index.php\/wp-json\/wp\/v2\/pages"}],"about":[{"href":"https:\/\/usova3d.um.si\/wordpress\/index.php\/wp-json\/wp\/v2\/types\/page"}],"author":[{"embeddable":true,"href":"https:\/\/usova3d.um.si\/wordpress\/index.php\/wp-json\/wp\/v2\/users\/1"}],"replies":[{"embeddable":true,"href":"https:\/\/usova3d.um.si\/wordpress\/index.php\/wp-json\/wp\/v2\/comments?post=10"}],"version-history":[{"count":11,"href":"https:\/\/usova3d.um.si\/wordpress\/index.php\/wp-json\/wp\/v2\/pages\/10\/revisions"}],"predecessor-version":[{"id":187,"href":"https:\/\/usova3d.um.si\/wordpress\/index.php\/wp-json\/wp\/v2\/pages\/10\/revisions\/187"}],"wp:attachment":[{"href":"https:\/\/usova3d.um.si\/wordpress\/index.php\/wp-json\/wp\/v2\/media?parent=10"}],"curies":[{"name":"wp","href":"https:\/\/api.w.org\/{rel}","templated":true}]}}